{"id":41,"date":"2020-01-10T15:34:37","date_gmt":"2020-01-10T15:34:37","guid":{"rendered":"http:\/\/propferd.info\/?page_id=41"},"modified":"2020-01-19T20:17:44","modified_gmt":"2020-01-19T20:17:44","slug":"umbau-eines-alten-kleiderschranks-zum-heuschrank","status":"publish","type":"page","link":"http:\/\/propferd.info\/?page_id=41","title":{"rendered":"Umbau eines alten Kleiderschranks zum Heuschrank"},"content":{"rendered":"\n<p>In diesem Beispiel\nhaben wir einen alten Kleiderschrank (mit den Ma\u00dfen 195x90x60 cm) in\neinen Heuschrank \/ Raufutterautomaten verwandelt.<\/p>\n\n\n\n<p> <strong>Ben\u00f6tigtes Material: <\/strong><\/p>\n\n\n\n<ul><li> LoreMatic DIY-Kit (erh\u00e4ltlich unter: <a href=\"https:\/\/www.lorematic.de\/\">www.LoreMatic.de<\/a>) <\/li><li> Kabelset f\u00fcr Schl\u00f6sser und Batterie (erh\u00e4ltlich unter: <a href=\"https:\/\/www.lorematic.de\/\">www.LoreMatic.de<\/a>) <\/li><li> D\u00e4mpfer (erh\u00e4ltlich unter: <a href=\"https:\/\/www.lorematic.de\/\">www.LoreMatic.de<\/a>) <\/li><li> Batterie (erh\u00e4ltlich unter <a rel=\"noreferrer noopener\" href=\"https:\/\/www.amazon.de\/gp\/product\/B00F4A0F56\/ref=as_li_tl?ie=UTF8&amp;camp=1638&amp;creative=6742&amp;creativeASIN=B00F4A0F56&amp;linkCode=as2&amp;tag=lorematic-21&amp;linkId=5f7cccb4df3dedafee9f2b6d88a5c161\" target=\"_blank\">Panasonic Bleiakku LC-R127R2PG1, 12V, Lead-Acid<\/a> oder Alternativ  <a rel=\"noreferrer noopener\" href=\"https:\/\/www.amazon.de\/gp\/product\/B01N5THAME\/ref=as_li_tl?ie=UTF8&amp;camp=1638&amp;creative=6742&amp;creativeASIN=B01N5THAME&amp;linkCode=as2&amp;tag=lorematic-21&amp;linkId=504bb711aacf4f01fb4213e4f0faede2\" target=\"_blank\">ECTIVE Bleiakku 12V 3,2Ah Zyklenfester Blei Akku EBC-Serie<\/a> , evtl passendes Batterieladeger\u00e4t erh\u00e4ltlich unter <a href=\"https:\/\/www.lorematic.de\/\">www.LoreMatic.de<\/a> ) <\/li><li> 1 x Rahmenholz (2000x58x38mm) <\/li><li> 8 x Metallscharniere (F\u00fcr sehr breite F\u00e4cher eventuell 12) <\/li><li> Spanplattenschrauben, werden zur Verschraubung der Einlegeb\u00f6den mit den Scharnieren und zur Befestigung des Rahmenholzes ben\u00f6tigt <\/li><li> 4 x Holzlatten, diese dienen der Befestigung der einzelnen Einlegeb\u00f6den mit Ihren Scharnieren. Hier ist zu empfehlen auf eine ausreichende Dicke zu achten, so das die Scharnierschrauben guten Halt darin finden. <\/li><li> Einlegeb\u00f6den, wir haben verleimtes Sperrholzplatten verwendet, es ist vergleichsweise d\u00fcnn und leicht, dennoch stabil. Links und rechts sollten min. 2cm Spiel sein um ein Verkanten zu verhindern. Das Tiefenma\u00df der Einlegeb\u00f6den sollte so nah wie m\u00f6glich zum Rahmenholz gew\u00e4hlt werden, damit Schlossb\u00fcgel und Schloss sauber ineinander greifen. Hier von der Bema\u00dfung eventuell eine &#8222;Presspassung&#8220; w\u00e4hlen und sp\u00e4ter mit einer B\u00fcgels\u00e4ge exakt anpassen. <\/li><li> Kabelkanal <\/li><\/ul>\n\n\n\n<p><strong>Arbeitsschritte<\/strong>:<\/p>\n\n\n\n<ol><li> Entfernen aller F\u00e4cher\/Zwischenw\u00e4nde\/R\u00fcckw\u00e4nde des Kleiderschranks <\/li><li> Installation von vier Latten zur Aufnahme der Einlegeb\u00f6den (in unserem Fall haben die Einlegeb\u00f6den einen Abstand von 30 cm). Wenn diese um 1-2 cm versetzt angebracht werden, fallen die F\u00e4cher sehr elegant \u00fcbereinander <\/li><li> Verschrauben der Einlegeb\u00f6den mit mindestens 2 handels\u00fcblichen Scharnieren an den Latten (bei sehr breiten F\u00e4chern k\u00f6nnen auch 3 Scharniere notwendig sein) <\/li><li> Einsetzen des Rahmenholzes (58 mm breit und einer St\u00e4rke von 38 mm ) zur sp\u00e4teren Aufnahme der elektronischen Schl\u00f6sser. Die mitgelieferten Montageschrauben, sowie die Breite der elektronischen Schl\u00f6sser sind optimal darauf abgestimmt. Um eine gute Stabilit\u00e4t zu gew\u00e4hrleisten sollten das Rahmenholz von oben und unten mit 2 Schrauben oder alternativ D\u00fcbeln fixiert werden <\/li><li> Bohren des Rahmenholzes und Montage der elektronischen Schl\u00f6sser am Rahmenholz <\/li><li> Montage der Verschlussb\u00fcgel an dem jeweiligen Einlegeboden <\/li><li> Montage des Startknopfes <\/li><li> Verkabelung der Schl\u00f6sser und des Startknopfes mit dem LoreMatic Controller <\/li><li> Montage des LoreMatic Controllers im oberen Bereich des Rahmenholzes <\/li><li> Montage der Batterie auf dem Schrank. Vorausgesetzt der Schrank ist hoch genug, so das es nicht zu Verbiss kommt. Hierzu haben wir von Innen eine  entsprechende Bohrung gesetzt um das Batteriekabel durchf\u00fchren zu  k\u00f6nnen <\/li><li>Die Kabel in einem Kabelkanal verbergen\/sch\u00fctzen <\/li><li> Schr\u00e4ges Brett einsetzen, damit das Futter herausrutschen kann. <\/li><li> Schrankt\u00fcre unten k\u00fcrzen (bei uns um 60 cm) <\/li><li> Evtl. die R\u00fcckwand wieder anbringen <\/li><\/ol>\n\n\n\n<p><br><strong> Bildergalerie<\/strong><\/p>\n\n\n\n<p>Angelehnt an die oben genannten Arbeitsschritte 1 bis 12 hier eine kleine Bildergalerie um den Aufbau zu verdeutlichen.<br> <br> <strong>Punkt (1) und (2)<\/strong><\/p>\n\n\n\n<p>Nackter\nSchrank mit eingepassten Latten.<\/p>\n\n\n\n<figure class=\"wp-block-image size-large\"><img loading=\"lazy\" width=\"678\" height=\"1024\" src=\"http:\/\/propferd.info\/wp-content\/uploads\/2020\/01\/image-1-678x1024.png\" alt=\"\" class=\"wp-image-44\" srcset=\"http:\/\/propferd.info\/wp-content\/uploads\/2020\/01\/image-1-678x1024.png 678w, http:\/\/propferd.info\/wp-content\/uploads\/2020\/01\/image-1-199x300.png 199w, http:\/\/propferd.info\/wp-content\/uploads\/2020\/01\/image-1.png 715w\" sizes=\"(max-width: 678px) 85vw, 678px\" \/><\/figure>\n\n\n\n<p>Hier l\u00e4sst sich\nder Versatz der Latten gut erkennen. Dies ist allerdings nur\nnotwendig, wenn sich die F\u00e4cher nach dem Ausl\u00f6sen auch \u00fcberlappen.<\/p>\n\n\n\n<figure class=\"wp-block-image size-large\"><img loading=\"lazy\" width=\"678\" height=\"1024\" src=\"http:\/\/propferd.info\/wp-content\/uploads\/2020\/01\/image-2-678x1024.png\" alt=\"\" class=\"wp-image-45\" srcset=\"http:\/\/propferd.info\/wp-content\/uploads\/2020\/01\/image-2-678x1024.png 678w, http:\/\/propferd.info\/wp-content\/uploads\/2020\/01\/image-2-199x300.png 199w, http:\/\/propferd.info\/wp-content\/uploads\/2020\/01\/image-2.png 715w\" sizes=\"(max-width: 678px) 85vw, 678px\" \/><\/figure>\n\n\n\n<p><strong>Punkt (3) <\/strong><br> Montage der Einlegeb\u00f6den \/ F\u00e4cher<br> <\/p>\n\n\n\n<figure class=\"wp-block-image size-large\"><img loading=\"lazy\" width=\"1024\" height=\"678\" src=\"http:\/\/propferd.info\/wp-content\/uploads\/2020\/01\/image-1024x678.png\" alt=\"\" class=\"wp-image-42\" srcset=\"http:\/\/propferd.info\/wp-content\/uploads\/2020\/01\/image-1024x678.png 1024w, http:\/\/propferd.info\/wp-content\/uploads\/2020\/01\/image-300x199.png 300w, http:\/\/propferd.info\/wp-content\/uploads\/2020\/01\/image-768x508.png 768w, http:\/\/propferd.info\/wp-content\/uploads\/2020\/01\/image-1536x1017.png 1536w, http:\/\/propferd.info\/wp-content\/uploads\/2020\/01\/image.png 1920w\" sizes=\"(max-width: 709px) 85vw, (max-width: 909px) 67vw, (max-width: 1362px) 62vw, 840px\" \/><\/figure>\n\n\n\n<p><br> <strong>Punkt (5)<\/strong><br> Bohren des Rahmenholzes und Montage der elektronischen Schl\u00f6sser am Rahmenholz. Wir haben hierzu die Montagel\u00f6cher eines der elektronischen Schl\u00f6sser auf eine alte Kreditkarte \u00fcbertragen (3mm Bohrer) und als Schablone benutzt.<\/p>\n\n\n\n<figure class=\"wp-block-image size-large\"><img loading=\"lazy\" width=\"1024\" height=\"678\" src=\"http:\/\/propferd.info\/wp-content\/uploads\/2020\/01\/image-3-1024x678.png\" alt=\"\" class=\"wp-image-46\" srcset=\"http:\/\/propferd.info\/wp-content\/uploads\/2020\/01\/image-3-1024x678.png 1024w, http:\/\/propferd.info\/wp-content\/uploads\/2020\/01\/image-3-300x199.png 300w, http:\/\/propferd.info\/wp-content\/uploads\/2020\/01\/image-3-768x508.png 768w, http:\/\/propferd.info\/wp-content\/uploads\/2020\/01\/image-3-1536x1017.png 1536w, http:\/\/propferd.info\/wp-content\/uploads\/2020\/01\/image-3.png 1920w\" sizes=\"(max-width: 709px) 85vw, (max-width: 909px) 67vw, (max-width: 1362px) 62vw, 840px\" \/><\/figure>\n\n\n\n<p>Auch als\nWinkelhilfe taugt die Kreditkarte sehr gut :-).<\/p>\n\n\n\n<figure class=\"wp-block-image size-large\"><img loading=\"lazy\" width=\"1024\" height=\"678\" src=\"http:\/\/propferd.info\/wp-content\/uploads\/2020\/01\/image-4-1024x678.png\" alt=\"\" class=\"wp-image-47\" srcset=\"http:\/\/propferd.info\/wp-content\/uploads\/2020\/01\/image-4-1024x678.png 1024w, http:\/\/propferd.info\/wp-content\/uploads\/2020\/01\/image-4-300x199.png 300w, http:\/\/propferd.info\/wp-content\/uploads\/2020\/01\/image-4-768x508.png 768w, http:\/\/propferd.info\/wp-content\/uploads\/2020\/01\/image-4-1536x1017.png 1536w, http:\/\/propferd.info\/wp-content\/uploads\/2020\/01\/image-4.png 1920w\" sizes=\"(max-width: 709px) 85vw, (max-width: 909px) 67vw, (max-width: 1362px) 62vw, 840px\" \/><\/figure>\n\n\n\n<p><strong>Tipp:<\/strong><\/p>\n\n\n\n<p>Der Trick beim\nBohren der Befestigungsl\u00f6cher ist es von<strong>\nbeiden Seiten<\/strong> her die\ndrei ben\u00f6tigten Bohrl\u00f6cher anzuzeichnen und jeweils nur 50%-60% in\ndie Tiefe zu bohren. Mit etwas Gl\u00fcck treffen sich die beiden\nBohrkan\u00e4le in der Mitte des Rahmenholzes. Mit dieser Variante kommt\nes nicht zu einem schiefen Bohrkanal, was eventuell dazu f\u00fchren\nkann, das man die Gewinde des Schlosses nicht richtig trifft.\n&#8222;Versuch macht hier klug&#8220; und notfalls einfach mit dem\nn\u00e4chst gr\u00f6\u00dferen Bohrer das Bohrloch weiten, bis es passt \ud83d\ude42<\/p>\n\n\n\n<figure class=\"wp-block-image size-large\"><img loading=\"lazy\" width=\"1024\" height=\"678\" src=\"http:\/\/propferd.info\/wp-content\/uploads\/2020\/01\/image-5-1024x678.png\" alt=\"\" class=\"wp-image-48\" srcset=\"http:\/\/propferd.info\/wp-content\/uploads\/2020\/01\/image-5-1024x678.png 1024w, http:\/\/propferd.info\/wp-content\/uploads\/2020\/01\/image-5-300x199.png 300w, http:\/\/propferd.info\/wp-content\/uploads\/2020\/01\/image-5-768x508.png 768w, http:\/\/propferd.info\/wp-content\/uploads\/2020\/01\/image-5-1536x1017.png 1536w, http:\/\/propferd.info\/wp-content\/uploads\/2020\/01\/image-5.png 1920w\" sizes=\"(max-width: 709px) 85vw, (max-width: 909px) 67vw, (max-width: 1362px) 62vw, 840px\" \/><\/figure>\n\n\n\n<figure class=\"wp-block-image size-large\"><img loading=\"lazy\" width=\"1024\" height=\"678\" src=\"http:\/\/propferd.info\/wp-content\/uploads\/2020\/01\/image-6-1024x678.png\" alt=\"\" class=\"wp-image-49\" srcset=\"http:\/\/propferd.info\/wp-content\/uploads\/2020\/01\/image-6-1024x678.png 1024w, http:\/\/propferd.info\/wp-content\/uploads\/2020\/01\/image-6-300x199.png 300w, http:\/\/propferd.info\/wp-content\/uploads\/2020\/01\/image-6-768x508.png 768w, http:\/\/propferd.info\/wp-content\/uploads\/2020\/01\/image-6-1536x1017.png 1536w, http:\/\/propferd.info\/wp-content\/uploads\/2020\/01\/image-6.png 1920w\" sizes=\"(max-width: 709px) 85vw, (max-width: 909px) 67vw, (max-width: 1362px) 62vw, 840px\" \/><\/figure>\n\n\n\n<p><strong>Punkt (6)<\/strong><br> Montage der Verschlussb\u00fcgel an dem jeweiligen Einlegeboden<\/p>\n\n\n\n<figure class=\"wp-block-image size-large\"><img loading=\"lazy\" width=\"1024\" height=\"678\" src=\"http:\/\/propferd.info\/wp-content\/uploads\/2020\/01\/image-7-1024x678.png\" alt=\"\" class=\"wp-image-50\" srcset=\"http:\/\/propferd.info\/wp-content\/uploads\/2020\/01\/image-7-1024x678.png 1024w, http:\/\/propferd.info\/wp-content\/uploads\/2020\/01\/image-7-300x199.png 300w, http:\/\/propferd.info\/wp-content\/uploads\/2020\/01\/image-7-768x508.png 768w, http:\/\/propferd.info\/wp-content\/uploads\/2020\/01\/image-7-1536x1017.png 1536w, http:\/\/propferd.info\/wp-content\/uploads\/2020\/01\/image-7.png 1920w\" sizes=\"(max-width: 709px) 85vw, (max-width: 909px) 67vw, (max-width: 1362px) 62vw, 840px\" \/><\/figure>\n\n\n\n<figure class=\"wp-block-image size-large\"><img loading=\"lazy\" width=\"1024\" height=\"678\" src=\"http:\/\/propferd.info\/wp-content\/uploads\/2020\/01\/image-8-1024x678.png\" alt=\"\" class=\"wp-image-51\" srcset=\"http:\/\/propferd.info\/wp-content\/uploads\/2020\/01\/image-8-1024x678.png 1024w, http:\/\/propferd.info\/wp-content\/uploads\/2020\/01\/image-8-300x199.png 300w, http:\/\/propferd.info\/wp-content\/uploads\/2020\/01\/image-8-768x508.png 768w, http:\/\/propferd.info\/wp-content\/uploads\/2020\/01\/image-8-1536x1017.png 1536w, http:\/\/propferd.info\/wp-content\/uploads\/2020\/01\/image-8.png 1920w\" sizes=\"(max-width: 709px) 85vw, (max-width: 909px) 67vw, (max-width: 1362px) 62vw, 840px\" \/><\/figure>\n\n\n\n<p><strong>Punkt (7)<\/strong><br> Montage des Startknopfes<\/p>\n\n\n\n<figure class=\"wp-block-image size-large\"><img loading=\"lazy\" width=\"576\" height=\"1024\" src=\"http:\/\/propferd.info\/wp-content\/uploads\/2020\/01\/image-9-576x1024.png\" alt=\"\" class=\"wp-image-52\" srcset=\"http:\/\/propferd.info\/wp-content\/uploads\/2020\/01\/image-9-576x1024.png 576w, http:\/\/propferd.info\/wp-content\/uploads\/2020\/01\/image-9-169x300.png 169w, http:\/\/propferd.info\/wp-content\/uploads\/2020\/01\/image-9.png 607w\" sizes=\"(max-width: 576px) 85vw, 576px\" \/><\/figure>\n\n\n\n<p><strong>Punkt (8)<\/strong><br> Verkabelung der Schl\u00f6sser und des Startknopfes mit dem LoreMatic Controller<\/p>\n\n\n\n<figure class=\"wp-block-image size-large\"><img loading=\"lazy\" width=\"1024\" height=\"678\" src=\"http:\/\/propferd.info\/wp-content\/uploads\/2020\/01\/image-10-1024x678.png\" alt=\"\" class=\"wp-image-53\" srcset=\"http:\/\/propferd.info\/wp-content\/uploads\/2020\/01\/image-10-1024x678.png 1024w, http:\/\/propferd.info\/wp-content\/uploads\/2020\/01\/image-10-300x199.png 300w, http:\/\/propferd.info\/wp-content\/uploads\/2020\/01\/image-10-768x508.png 768w, http:\/\/propferd.info\/wp-content\/uploads\/2020\/01\/image-10-1536x1017.png 1536w, http:\/\/propferd.info\/wp-content\/uploads\/2020\/01\/image-10.png 1920w\" sizes=\"(max-width: 709px) 85vw, (max-width: 909px) 67vw, (max-width: 1362px) 62vw, 840px\" \/><\/figure>\n\n\n\n<p><strong>Punkt (9 und 10)<\/strong><br> Montage des LoreMatic Controllers im oberen Bereich des Rahmenholzes. Die Batteriekabel haben wir durch eine Bohrung nach oben auf den Schrankdeckel gef\u00fchrt.<br><\/p>\n\n\n\n<figure class=\"wp-block-image size-large\"><img loading=\"lazy\" width=\"1024\" height=\"576\" src=\"http:\/\/propferd.info\/wp-content\/uploads\/2020\/01\/image-11-1024x576.png\" alt=\"\" class=\"wp-image-54\" srcset=\"http:\/\/propferd.info\/wp-content\/uploads\/2020\/01\/image-11-1024x576.png 1024w, http:\/\/propferd.info\/wp-content\/uploads\/2020\/01\/image-11-300x169.png 300w, http:\/\/propferd.info\/wp-content\/uploads\/2020\/01\/image-11-768x432.png 768w, http:\/\/propferd.info\/wp-content\/uploads\/2020\/01\/image-11-1536x864.png 1536w, http:\/\/propferd.info\/wp-content\/uploads\/2020\/01\/image-11.png 1920w\" sizes=\"(max-width: 709px) 85vw, (max-width: 909px) 67vw, (max-width: 1362px) 62vw, 840px\" \/><\/figure>\n\n\n\n<p><strong>Hinweis: Wie die einzelnen Komponenten des Kits miteinander verkabelt werden ist separat im Shop des Herstellers unter \u201e<a href=\"https:\/\/www.lorematic.de\/info\/Downloads.html\">Downloads<\/a>\u201c beschrieben<\/strong><\/p>\n\n\n\n<p><strong>Optional &#8211; \u00d6ld\u00e4mpfer<\/strong> <\/p>\n\n\n\n<p>Wir haben, um die B\u00f6den abzubremsen und damit laute Schlagger\u00e4uschen zu vermeiden vier \u00d6ld\u00e4mpfer mit eingebaut. Diese sind speziell auf diesen Zweck selektiert worden und besitzen <strong>keine<\/strong> Gasdruck Aufladung.<br> Je nach Schwere des Einlegebodens + darauf befindlichen Materials, sollte man einen oder ggf. zwei D\u00e4mpfer pro Fach verbauen. Die F\u00e4cher in unserem Beispielschrank sind ca. 1 Kg schwer + Heuf\u00fcllung, die Verz\u00f6gerung mit nur einem D\u00e4mpfer pro Fach ist optimal. Die \u00d6ld\u00e4mpfer sind sehr tolerant was die Beladung angeht, man bekommt eher ein mechanisches Problem, wenn ein sehr schweres Fach nur einseitig gebremst wird, dies f\u00fchrt zum Verziehen des Einlegebodens.<\/p>\n\n\n\n<figure class=\"wp-block-image size-large\"><img loading=\"lazy\" width=\"1024\" height=\"678\" src=\"http:\/\/propferd.info\/wp-content\/uploads\/2020\/01\/image-12-1024x678.png\" alt=\"\" class=\"wp-image-55\" srcset=\"http:\/\/propferd.info\/wp-content\/uploads\/2020\/01\/image-12-1024x678.png 1024w, http:\/\/propferd.info\/wp-content\/uploads\/2020\/01\/image-12-300x199.png 300w, http:\/\/propferd.info\/wp-content\/uploads\/2020\/01\/image-12-768x509.png 768w, http:\/\/propferd.info\/wp-content\/uploads\/2020\/01\/image-12.png 1232w\" sizes=\"(max-width: 709px) 85vw, (max-width: 909px) 67vw, (max-width: 1362px) 62vw, 840px\" \/><\/figure>\n\n\n\n<p>Die Steuerung funktioniert \u00fcber die LoreMatic App die im &#8222;Google Play Store&#8220; unter dem Namen &#8222;LoreMatic&#8220; kostenfrei zu erhalten ist.<\/p>\n\n\n\n<figure class=\"wp-block-image size-large\"><img loading=\"lazy\" width=\"576\" height=\"1024\" src=\"http:\/\/propferd.info\/wp-content\/uploads\/2020\/01\/image-13-576x1024.png\" alt=\"\" class=\"wp-image-56\" srcset=\"http:\/\/propferd.info\/wp-content\/uploads\/2020\/01\/image-13-576x1024.png 576w, http:\/\/propferd.info\/wp-content\/uploads\/2020\/01\/image-13-169x300.png 169w, http:\/\/propferd.info\/wp-content\/uploads\/2020\/01\/image-13-768x1365.png 768w, http:\/\/propferd.info\/wp-content\/uploads\/2020\/01\/image-13-864x1536.png 864w, http:\/\/propferd.info\/wp-content\/uploads\/2020\/01\/image-13.png 1080w\" sizes=\"(max-width: 576px) 85vw, 576px\" \/><\/figure>\n","protected":false},"excerpt":{"rendered":"<p>In diesem Beispiel haben wir einen alten Kleiderschrank (mit den Ma\u00dfen 195x90x60 cm) in einen Heuschrank \/ Raufutterautomaten verwandelt. Ben\u00f6tigtes Material: LoreMatic DIY-Kit (erh\u00e4ltlich unter: www.LoreMatic.de) Kabelset f\u00fcr Schl\u00f6sser und Batterie (erh\u00e4ltlich unter: www.LoreMatic.de) D\u00e4mpfer (erh\u00e4ltlich unter: www.LoreMatic.de) Batterie (erh\u00e4ltlich unter Panasonic Bleiakku LC-R127R2PG1, 12V, Lead-Acid oder Alternativ ECTIVE Bleiakku 12V 3,2Ah Zyklenfester Blei Akku &hellip; <a href=\"http:\/\/propferd.info\/?page_id=41\" class=\"more-link\"><span class=\"screen-reader-text\">&#8222;Umbau eines alten Kleiderschranks zum Heuschrank&#8220; <\/span>weiterlesen<\/a><\/p>\n","protected":false},"author":2,"featured_media":0,"parent":16,"menu_order":1,"comment_status":"closed","ping_status":"closed","template":"","meta":[],"_links":{"self":[{"href":"http:\/\/propferd.info\/index.php?rest_route=\/wp\/v2\/pages\/41"}],"collection":[{"href":"http:\/\/propferd.info\/index.php?rest_route=\/wp\/v2\/pages"}],"about":[{"href":"http:\/\/propferd.info\/index.php?rest_route=\/wp\/v2\/types\/page"}],"author":[{"embeddable":true,"href":"http:\/\/propferd.info\/index.php?rest_route=\/wp\/v2\/users\/2"}],"replies":[{"embeddable":true,"href":"http:\/\/propferd.info\/index.php?rest_route=%2Fwp%2Fv2%2Fcomments&post=41"}],"version-history":[{"count":7,"href":"http:\/\/propferd.info\/index.php?rest_route=\/wp\/v2\/pages\/41\/revisions"}],"predecessor-version":[{"id":101,"href":"http:\/\/propferd.info\/index.php?rest_route=\/wp\/v2\/pages\/41\/revisions\/101"}],"up":[{"embeddable":true,"href":"http:\/\/propferd.info\/index.php?rest_route=\/wp\/v2\/pages\/16"}],"wp:attachment":[{"href":"http:\/\/propferd.info\/index.php?rest_route=%2Fwp%2Fv2%2Fmedia&parent=41"}],"curies":[{"name":"wp","href":"https:\/\/api.w.org\/{rel}","templated":true}]}}