{"id":36,"date":"2020-01-10T15:34:38","date_gmt":"2020-01-10T15:34:38","guid":{"rendered":"http:\/\/propferd.info\/?page_id=36"},"modified":"2020-01-15T17:07:56","modified_gmt":"2020-01-15T17:07:56","slug":"was-koennen-wir","status":"publish","type":"page","link":"http:\/\/propferd.info\/?page_id=36","title":{"rendered":"Was k\u00f6nnen wir?"},"content":{"rendered":"\n<p><strong>Was k\u00f6nnen wir?<\/strong><\/p>\n\n\n\n<p> Euch die gesamten ben\u00f6tigten und aufeinander abgestimmten, technischen Komponenten zum Bau eine Heuschranks \/ Kraftfutterautomats aus einer Hand anbieten (einzig die von uns empfohlene Batterie m\u00fcsst Ihr separat kaufen) . Dazu unterst\u00fctzen wir euch, \u00fcber die Beitr\u00e4ge auf <a href=\"http:\/\/www.propferd.info\">www.ProPferd.info<\/a> mit hilfreichen Anleitungen, Tipps und Tricks um euer do-it-yourself Projekt zum Erfolg zu verhelfen. <\/p>\n\n\n\n<p><strong>F\u00fcr was k\u00f6nnen die Komponenten von LoreMatic verwendet werden?<\/strong><\/p>\n\n\n\n<p> Die angebotene Technik eignet sich gezielt f\u00fcr den Einsatz bei der Tierf\u00fctterung. Hierbei kann die Technik optimal in einem Heuschrank eingesetzt werden, oder beispielsweise um Heunetze von der Decke Fallen zu lassen. Der Fantasie sind kaum Grenzen gesetzt \ud83d\ude09 <\/p>\n\n\n\n<p> <strong>Wie kommt Ihr zu eurem eignen Futterautomaten ? <\/strong><\/p>\n\n\n\n<p> Indem Ihr euch einen Schrank oder Kraftfutterdosierer in der gew\u00fcnschten Gr\u00f6\u00dfe baut, die entsprechenden Komponenten von LoreMatic + empfohlene Batterie bestellt und dann mit Hilfe unserer Anleitung installiert. <\/p>\n\n\n\n<p><strong>Was unterscheidet unsere L\u00f6sung von anderen am Markt <\/strong><\/p>\n\n\n\n<p>Absolute Zuverl\u00e4ssigkeit des Controllers und der zugeh\u00f6rigen Schl\u00f6sser.  <\/p>\n\n\n\n<p>Mein \u00e4ltester Schrank wurde 2015 erbaut und funktioniert bis heute tadellos. Die Schl\u00f6sser k\u00f6nnen im Vergleich zu anderen L\u00f6sungen nicht durch R\u00fctteln oder Schubbern am Schrank ausgel\u00f6st werden. Sie l\u00f6sen zuverl\u00e4ssig aus, egal ob sie mit gar keinem Gewicht oder mit bis zu 8 kg belastet sind. Das System ist batteriebetrieben, d.h. \u00fcberall installierbar. Im Vergleich zu anderen Systemen ist es extrem energiesparend, die Empfohlene 12 V Batterie reicht locker ein Jahr und durch die Batterieanzeige plus Signalton beim Starten des Schrankes, wird man auf einen niedrigen Batteriestand automatisch hingewiesen und man hat dann immer noch mehrere Tage Zeit um die Batterie zu laden. <\/p>\n\n\n\n<p><strong>Welche Komponenten Ben\u00f6tige ich f\u00fcr den Bau eines Heuschranks?<\/strong><\/p>\n\n\n\n<p> Siehe folgende Bauanleitungen <\/p>\n","protected":false},"excerpt":{"rendered":"<p>Was k\u00f6nnen wir? Euch die gesamten ben\u00f6tigten und aufeinander abgestimmten, technischen Komponenten zum Bau eine Heuschranks \/ Kraftfutterautomats aus einer Hand anbieten (einzig die von uns empfohlene Batterie m\u00fcsst Ihr separat kaufen) . Dazu unterst\u00fctzen wir euch, \u00fcber die Beitr\u00e4ge auf www.ProPferd.info mit hilfreichen Anleitungen, Tipps und Tricks um euer do-it-yourself Projekt zum Erfolg zu &hellip; <a href=\"http:\/\/propferd.info\/?page_id=36\" class=\"more-link\"><span class=\"screen-reader-text\">&#8222;Was k\u00f6nnen wir?&#8220; <\/span>weiterlesen<\/a><\/p>\n","protected":false},"author":2,"featured_media":0,"parent":0,"menu_order":0,"comment_status":"closed","ping_status":"closed","template":"","meta":[],"_links":{"self":[{"href":"http:\/\/propferd.info\/index.php?rest_route=\/wp\/v2\/pages\/36"}],"collection":[{"href":"http:\/\/propferd.info\/index.php?rest_route=\/wp\/v2\/pages"}],"about":[{"href":"http:\/\/propferd.info\/index.php?rest_route=\/wp\/v2\/types\/page"}],"author":[{"embeddable":true,"href":"http:\/\/propferd.info\/index.php?rest_route=\/wp\/v2\/users\/2"}],"replies":[{"embeddable":true,"href":"http:\/\/propferd.info\/index.php?rest_route=%2Fwp%2Fv2%2Fcomments&post=36"}],"version-history":[{"count":5,"href":"http:\/\/propferd.info\/index.php?rest_route=\/wp\/v2\/pages\/36\/revisions"}],"predecessor-version":[{"id":94,"href":"http:\/\/propferd.info\/index.php?rest_route=\/wp\/v2\/pages\/36\/revisions\/94"}],"wp:attachment":[{"href":"http:\/\/propferd.info\/index.php?rest_route=%2Fwp%2Fv2%2Fmedia&parent=36"}],"curies":[{"name":"wp","href":"https:\/\/api.w.org\/{rel}","templated":true}]}}