{"id":2,"date":"2016-05-10T03:48:21","date_gmt":"2016-05-10T03:48:21","guid":{"rendered":"http:\/\/propferd.info\/?page_id=2"},"modified":"2020-01-19T21:04:23","modified_gmt":"2020-01-19T21:04:23","slug":"sample-page","status":"publish","type":"page","link":"http:\/\/propferd.info\/","title":{"rendered":"Hallo"},"content":{"rendered":"<p>ich m\u00f6chte Euch hier auf meiner Seite zeigen, wie leicht und auch kosteng\u00fcnstig man sich seine eigene automatisierte Heuf\u00fctterung bauen kann. Wenn Ihr Fragen habt dann kommentiert meine Beitr\u00e4ge. Ich freue mich auf Euch!<\/p>\n\n\n<div class=\"wp-block-media-text alignwide\"><figure class=\"wp-block-media-text__media\"><video controls src=\"http:\/\/propferd.info\/wp-content\/uploads\/2020\/01\/lorematic.mp4\"><\/video><\/figure><div class=\"wp-block-media-text__content\">\n<p>Hier haben wir einen alten Kleiderschrank zum Heuschrank umgebaut. Die Anleitung findet Ihr unter &#8222;Bauanleitungen&#8220;<\/p>\n<\/div><\/div>\n\n\n\n<p><\/p>\n","protected":false},"excerpt":{"rendered":"<p>ich m\u00f6chte Euch hier auf meiner Seite zeigen, wie leicht und auch kosteng\u00fcnstig man sich seine eigene automatisierte Heuf\u00fctterung bauen kann. Wenn Ihr Fragen habt dann kommentiert meine Beitr\u00e4ge. Ich freue mich auf Euch! Hier haben wir einen alten Kleiderschrank zum Heuschrank umgebaut. Die Anleitung findet Ihr unter &#8222;Bauanleitungen&#8220;<\/p>\n","protected":false},"author":1,"featured_media":0,"parent":0,"menu_order":0,"comment_status":"open","ping_status":"open","template":"","meta":[],"_links":{"self":[{"href":"http:\/\/propferd.info\/index.php?rest_route=\/wp\/v2\/pages\/2"}],"collection":[{"href":"http:\/\/propferd.info\/index.php?rest_route=\/wp\/v2\/pages"}],"about":[{"href":"http:\/\/propferd.info\/index.php?rest_route=\/wp\/v2\/types\/page"}],"author":[{"embeddable":true,"href":"http:\/\/propferd.info\/index.php?rest_route=\/wp\/v2\/users\/1"}],"replies":[{"embeddable":true,"href":"http:\/\/propferd.info\/index.php?rest_route=%2Fwp%2Fv2%2Fcomments&post=2"}],"version-history":[{"count":4,"href":"http:\/\/propferd.info\/index.php?rest_route=\/wp\/v2\/pages\/2\/revisions"}],"predecessor-version":[{"id":112,"href":"http:\/\/propferd.info\/index.php?rest_route=\/wp\/v2\/pages\/2\/revisions\/112"}],"wp:attachment":[{"href":"http:\/\/propferd.info\/index.php?rest_route=%2Fwp%2Fv2%2Fmedia&parent=2"}],"curies":[{"name":"wp","href":"https:\/\/api.w.org\/{rel}","templated":true}]}}