{"id":14,"date":"2020-01-07T14:45:29","date_gmt":"2020-01-07T14:45:29","guid":{"rendered":"http:\/\/propferd.info\/?page_id=14"},"modified":"2020-01-15T16:58:18","modified_gmt":"2020-01-15T16:58:18","slug":"wie-alles-begann","status":"publish","type":"page","link":"http:\/\/propferd.info\/?page_id=14","title":{"rendered":"Wie alles begann&#8230;&#8230;"},"content":{"rendered":"\n<p>&#8230;&#8230;n\u00e4mlich mit einem Hufreheschub ausgel\u00f6st durch eine Cortisongabe. <\/p>\n\n\n\n<p>Mein Pferd Lore verletzte sich 2011 schwer an Sehne und Unterst\u00fctzungsband und musste von heute auf morgen stehen. Bis dahin wurde sie t\u00e4glich ausgiebig bewegt, bekam ordentlich Heu und Hafer. Sie war schon immer eher rund, aber topfit. <\/p>\n\n\n\n<p>Auf Anraten des Tierarztes wurde ihr Cortison in Verbindung mit Hyalerons\u00e4ure gespritzt. Hierauf bekam sie eine heftige Hufrehe. Erst ab diesem Moment machte ich mich schlau  und stellte fest, dass ich wohl ein EMS-Pferd mit Insulinresistenz hatte.  Ich begann das Heu zu reduzieren (zu dem Zeitpunkt bekam sie schon keinen Hafer mehr). Aber Lore hatte immer schlechte Laune, verhielt sich explosiv. Ihre 3 Portionen am Tag fra\u00df sie innerhalb k\u00fcrzester Zeit auf. Heunetze waren vom Stallbetreiber nicht erw\u00fcnscht. <\/p>\n\n\n\n<p>Daraufhin wechselte ich in einen Selbstversorgerstall und dachte es w\u00fcrde alles gut werden. Es gab dann morgens, mittags und am Abend je ein Netz mit abgewogenen Heu gemischt mit Stroh. Sie wurde immer geschickter und selbst das engste Netz auf dem Markt machte sie innerhalb k\u00fcrzester Zeit leer, so dass lange Fresspausen entstanden. Sie war immer schlecht gelaunt und ich todungl\u00fccklich, weil es ihr nicht gut ging. Teilweise bin ich um 23 Uhr noch in den Stall gefahren um zu f\u00fcttern&#8230;&#8230;. Das war nat\u00fcrlich kein Dauerzustand.<\/p>\n\n\n\n<p>Ich fing an mich \u00fcber automatisierte F\u00fctterung zu informieren. Es gab einige fertige Heuschr\u00e4nke, die zu dem Zeitpunkt f\u00fcr mich einfach zu teuer waren und wohl auch nicht zuverl\u00e4ssig funktionierten. Teilweise fielen die F\u00e4cher nicht, es mussten F\u00e4cher noch beschwert werden, damit sie fielen,&#8230;&#8230;.  das war mir alles zu unsicher.<\/p>\n\n\n\n<p>Dann nahm sich mein Mann Daniel unserem Problem an. Er bastelt und programmiert sehr gerne und &#8222;ein geht nicht&#8220;, gibt es bei Ihm nicht. Entstanden ist so unser erster do-it-yourself-Heuschrank (dieser funktioniert bis heute einwandfrei, obwohl er einige Misshandlungen von Lore \u00fcber sich ergehen lassen musste \ud83d\ude42 ). Seither bekommt Sie in der Regel alle 3 Stunden eine kleine Portion Heu. Es dauerte schon etwas, aber Lore wurde zunehmend zufriedener, ausgeglichener und nahm kontinuierlich ab. Ich konnte Ihre Portion erstmals wirklich rationieren, ohne dass ich Angst vor Magengeschw\u00fcren oder ihren Launen haben musste. Nun hat sie die perfekte Figur und geht auch wieder mit den anderen Pferden auf die Koppel.<\/p>\n\n\n\n<p>Seither haben wir mit dieser Technik einige Schr\u00e4nke f\u00fcr Freunde und Bekannte gebaut und bieten die ben\u00f6tigten Komponenten seit Dezember f\u00fcr alle Interessierten \u00fcber unseren Shop  an.<\/p>\n","protected":false},"excerpt":{"rendered":"<p>&#8230;&#8230;n\u00e4mlich mit einem Hufreheschub ausgel\u00f6st durch eine Cortisongabe. Mein Pferd Lore verletzte sich 2011 schwer an Sehne und Unterst\u00fctzungsband und musste von heute auf morgen stehen. Bis dahin wurde sie t\u00e4glich ausgiebig bewegt, bekam ordentlich Heu und Hafer. Sie war schon immer eher rund, aber topfit. Auf Anraten des Tierarztes wurde ihr Cortison in Verbindung &hellip; <a href=\"http:\/\/propferd.info\/?page_id=14\" class=\"more-link\"><span class=\"screen-reader-text\">&#8222;Wie alles begann&#8230;&#8230;&#8220; <\/span>weiterlesen<\/a><\/p>\n","protected":false},"author":2,"featured_media":0,"parent":0,"menu_order":0,"comment_status":"closed","ping_status":"closed","template":"","meta":[],"_links":{"self":[{"href":"http:\/\/propferd.info\/index.php?rest_route=\/wp\/v2\/pages\/14"}],"collection":[{"href":"http:\/\/propferd.info\/index.php?rest_route=\/wp\/v2\/pages"}],"about":[{"href":"http:\/\/propferd.info\/index.php?rest_route=\/wp\/v2\/types\/page"}],"author":[{"embeddable":true,"href":"http:\/\/propferd.info\/index.php?rest_route=\/wp\/v2\/users\/2"}],"replies":[{"embeddable":true,"href":"http:\/\/propferd.info\/index.php?rest_route=%2Fwp%2Fv2%2Fcomments&post=14"}],"version-history":[{"count":9,"href":"http:\/\/propferd.info\/index.php?rest_route=\/wp\/v2\/pages\/14\/revisions"}],"predecessor-version":[{"id":92,"href":"http:\/\/propferd.info\/index.php?rest_route=\/wp\/v2\/pages\/14\/revisions\/92"}],"wp:attachment":[{"href":"http:\/\/propferd.info\/index.php?rest_route=%2Fwp%2Fv2%2Fmedia&parent=14"}],"curies":[{"name":"wp","href":"https:\/\/api.w.org\/{rel}","templated":true}]}}